{"id":658,"date":"2020-06-15T14:56:11","date_gmt":"2020-06-15T14:56:11","guid":{"rendered":"https:\/\/drcynthiacarbone.com\/?page_id=658"},"modified":"2020-09-20T18:55:32","modified_gmt":"2020-09-20T18:55:32","slug":"cynthia-carbone-fr","status":"publish","type":"page","link":"https:\/\/drcynthiacarbone.com\/fr\/","title":{"rendered":"Cynthia Carbone &#8211; FR"},"content":{"rendered":"<div class=\"wpb-content-wrapper\"><p>[vc_row row_height_percent=\u00a0\u00bb0&Prime; override_padding=\u00a0\u00bbyes\u00a0\u00bb h_padding=\u00a0\u00bb4&Prime; top_padding=\u00a0\u00bb4&Prime; bottom_padding=\u00a0\u00bb4&Prime; back_image=\u00a0\u00bb153&Prime; overlay_alpha=\u00a0\u00bb27&Prime; gutter_size=\u00a0\u00bb3&Prime; column_width_percent=\u00a0\u00bb100&Prime; shift_y=\u00a0\u00bb0&Prime; z_index=\u00a0\u00bb0&Prime;][vc_column column_width_percent=\u00a0\u00bb85&Prime; gutter_size=\u00a0\u00bb3&Prime; overlay_alpha=\u00a0\u00bb50&Prime; shift_x=\u00a0\u00bb0&Prime; shift_y=\u00a0\u00bb0&Prime; shift_y_down=\u00a0\u00bb0&Prime; z_index=\u00a0\u00bb0&Prime; medium_width=\u00a0\u00bb0&Prime; mobile_width=\u00a0\u00bb0&Prime; css_animation=\u00a0\u00bbbottom-t-top\u00a0\u00bb animation_speed=\u00a0\u00bb700&Prime; width=\u00a0\u00bb1\/3&Prime;][vc_single_image media=\u00a0\u00bb21&Prime; media_width_percent=\u00a0\u00bb95&Prime;][vc_custom_heading text_font=\u00a0\u00bbfont-928704&Prime; text_size=\u00a0\u00bb\u00a0\u00bb text_weight=\u00a0\u00bb400&Prime; text_color=\u00a0\u00bbaccent\u00a0\u00bb sub_reduced=\u00a0\u00bbyes\u00a0\u00bb subheading=\u00a0\u00bbPlusieurs probl\u00e8mes orthodontiques sont mieux trait\u00e9s durant la p\u00e9riode<br \/>\nde l\u2019enfance.\u00a0\u00bb]Orthodontie pour<br \/>\nenfants[\/vc_custom_heading][vc_button button_color=\u00a0\u00bbaccent\u00a0\u00bb radius=\u00a0\u00bbbtn-square\u00a0\u00bb outline=\u00a0\u00bbyes\u00a0\u00bb border_width=\u00a0\u00bb0&Prime; css_animation=\u00a0\u00bbbottom-t-top\u00a0\u00bb animation_delay=\u00a0\u00bb200&Prime; link=\u00a0\u00bburl:%2Ffr%2Fles-services%2F%23enfants|title:Services||\u00a0\u00bb]Lire la suite[\/vc_button][\/vc_column][vc_column column_width_percent=\u00a0\u00bb85&Prime; gutter_size=\u00a0\u00bb3&Prime; overlay_alpha=\u00a0\u00bb50&Prime; shift_x=\u00a0\u00bb0&Prime; shift_y=\u00a0\u00bb0&Prime; shift_y_down=\u00a0\u00bb0&Prime; z_index=\u00a0\u00bb0&Prime; medium_width=\u00a0\u00bb0&Prime; mobile_width=\u00a0\u00bb0&Prime; css_animation=\u00a0\u00bbbottom-t-top\u00a0\u00bb animation_speed=\u00a0\u00bb700&Prime; animation_delay=\u00a0\u00bb200&Prime; width=\u00a0\u00bb1\/3&Prime;][vc_single_image media=\u00a0\u00bb19&Prime; media_width_percent=\u00a0\u00bb95&Prime;][vc_custom_heading text_weight=\u00a0\u00bb400&Prime; text_color=\u00a0\u00bbaccent\u00a0\u00bb sub_reduced=\u00a0\u00bbyes\u00a0\u00bb subheading=\u00a0\u00bbLa majorit\u00e9 des traitements orthodontiques sont compl\u00e9t\u00e9s pendant l\u2019adolescence, entre 11 et 16 ans.\u00a0\u00bb]Orthodontie pour<br \/>\nadolescents[\/vc_custom_heading][vc_button button_color=\u00a0\u00bbaccent\u00a0\u00bb radius=\u00a0\u00bbbtn-square\u00a0\u00bb outline=\u00a0\u00bbyes\u00a0\u00bb border_width=\u00a0\u00bb0&Prime; css_animation=\u00a0\u00bbbottom-t-top\u00a0\u00bb animation_delay=\u00a0\u00bb400&Prime; link=\u00a0\u00bburl:%2Ffr%2Fles-services%2F%23adolescents|title:Services||\u00a0\u00bb]Lire la suite[\/vc_button][\/vc_column][vc_column column_width_percent=\u00a0\u00bb85&Prime; gutter_size=\u00a0\u00bb3&Prime; overlay_alpha=\u00a0\u00bb50&Prime; shift_x=\u00a0\u00bb0&Prime; shift_y=\u00a0\u00bb0&Prime; shift_y_down=\u00a0\u00bb0&Prime; z_index=\u00a0\u00bb0&Prime; medium_width=\u00a0\u00bb0&Prime; mobile_width=\u00a0\u00bb0&Prime; css_animation=\u00a0\u00bbbottom-t-top\u00a0\u00bb animation_speed=\u00a0\u00bb700&Prime; animation_delay=\u00a0\u00bb400&Prime; width=\u00a0\u00bb1\/3&Prime;][vc_single_image media=\u00a0\u00bb20&Prime; media_width_percent=\u00a0\u00bb95&Prime;][vc_custom_heading text_weight=\u00a0\u00bb400&Prime; text_color=\u00a0\u00bbaccent\u00a0\u00bb sub_reduced=\u00a0\u00bbyes\u00a0\u00bb subheading=\u00a0\u00bbDe plus en plus de patients d\u00e9cident maintenant de d\u00e9buter un traitement d\u2019orthodontie \u00e0 l\u2019\u00e2ge adulte.\u00a0\u00bb]Orthodontie pour<br \/>\nadultes[\/vc_custom_heading][vc_button button_color=\u00a0\u00bbaccent\u00a0\u00bb radius=\u00a0\u00bbbtn-square\u00a0\u00bb outline=\u00a0\u00bbyes\u00a0\u00bb border_width=\u00a0\u00bb0&Prime; css_animation=\u00a0\u00bbbottom-t-top\u00a0\u00bb animation_delay=\u00a0\u00bb600&Prime; link=\u00a0\u00bburl:%2Ffr%2Fles-services%2F%23adultes|title:Services||\u00a0\u00bb]Lire la suite[\/vc_button][\/vc_column][\/vc_row][vc_row row_height_percent=\u00a0\u00bb0&Prime; override_padding=\u00a0\u00bbyes\u00a0\u00bb h_padding=\u00a0\u00bb4&Prime; top_padding=\u00a0\u00bb7&Prime; bottom_padding=\u00a0\u00bb7&Prime; back_image=\u00a0\u00bb486&Prime; parallax=\u00a0\u00bbyes\u00a0\u00bb overlay_color=\u00a0\u00bbaccent\u00a0\u00bb overlay_alpha=\u00a0\u00bb80&Prime; gutter_size=\u00a0\u00bb3&Prime; column_width_percent=\u00a0\u00bb100&Prime; shift_y=\u00a0\u00bb0&Prime; z_index=\u00a0\u00bb0&Prime;][vc_column column_width_percent=\u00a0\u00bb100&Prime; align_horizontal=\u00a0\u00bbalign_center\u00a0\u00bb gutter_size=\u00a0\u00bb3&Prime; overlay_alpha=\u00a0\u00bb50&Prime; shift_x=\u00a0\u00bb0&Prime; shift_y=\u00a0\u00bb0&Prime; shift_y_down=\u00a0\u00bb0&Prime; z_index=\u00a0\u00bb0&Prime; medium_width=\u00a0\u00bb0&Prime; mobile_width=\u00a0\u00bb0&Prime; css_animation=\u00a0\u00bbleft-t-right\u00a0\u00bb animation_speed=\u00a0\u00bb700&Prime; width=\u00a0\u00bb1\/1&Prime;][vc_custom_heading heading_semantic=\u00a0\u00bbh1&Prime; text_font=\u00a0\u00bbfont-106447&Prime; text_size=\u00a0\u00bbh1&Prime; text_weight=\u00a0\u00bb400&Prime; text_color=\u00a0\u00bbcolor-xsdn\u00a0\u00bb separator=\u00a0\u00bbyes\u00a0\u00bb sub_lead=\u00a0\u00bbyes\u00a0\u00bb]Souriez en toute confiance[\/vc_custom_heading][vc_custom_heading heading_semantic=\u00a0\u00bbh3&Prime; text_size=\u00a0\u00bbh3&Prime; text_weight=\u00a0\u00bb400&Prime; text_color=\u00a0\u00bbcolor-xsdn\u00a0\u00bb]Contactez-nous aujourd&rsquo;hui pour une \u00e9valuation[\/vc_custom_heading][vc_button button_color=\u00a0\u00bbcolor-xsdn\u00a0\u00bb outline=\u00a0\u00bbyes\u00a0\u00bb border_width=\u00a0\u00bb0&Prime; link=\u00a0\u00bburl:http%3A%2F%2Fdrcynthiacarbone.com%2Ffr%2Fcontactez-nous%2F%23rendezvous|title:Make%20an%20Appointment||\u00a0\u00bb]Prendre rendez-vous[\/vc_button][\/vc_column][\/vc_row]<\/p>\n<\/div>","protected":false},"excerpt":{"rendered":"<p>[vc_row row_height_percent=\u00a0\u00bb0&Prime; override_padding=\u00a0\u00bbyes\u00a0\u00bb h_padding=\u00a0\u00bb4&Prime; top_padding=\u00a0\u00bb4&Prime; bottom_padding=\u00a0\u00bb4&Prime; back_image=\u00a0\u00bb153&Prime; overlay_alpha=\u00a0\u00bb27&Prime; gutter_size=\u00a0\u00bb3&Prime; column_width_percent=\u00a0\u00bb100&Prime; shift_y=\u00a0\u00bb0&Prime; z_index=\u00a0\u00bb0&Prime;][vc_column column_width_percent=\u00a0\u00bb85&Prime; gutter_size=\u00a0\u00bb3&Prime; overlay_alpha=\u00a0\u00bb50&Prime; shift_x=\u00a0\u00bb0&Prime; shift_y=\u00a0\u00bb0&Prime; shift_y_down=\u00a0\u00bb0&Prime; z_index=\u00a0\u00bb0&Prime; medium_width=\u00a0\u00bb0&Prime; [&hellip;]<\/p>\n","protected":false},"author":2,"featured_media":0,"parent":0,"menu_order":0,"comment_status":"closed","ping_status":"closed","template":"","meta":{"footnotes":""},"class_list":["post-658","page","type-page","status-publish","hentry"],"yoast_head":"<!-- This site is optimized with the Yoast SEO plugin v26.6 - https:\/\/yoast.com\/wordpress\/plugins\/seo\/ -->\n<title>Cynthia Carbone, Orthodontiste \u00e0 Montr\u00e9al<\/title>\n<meta name=\"robots\" content=\"index, follow, max-snippet:-1, max-image-preview:large, max-video-preview:-1\" \/>\n<link rel=\"canonical\" href=\"https:\/\/drcynthiacarbone.com\/fr\/\" \/>\n<meta property=\"og:locale\" content=\"fr_FR\" \/>\n<meta property=\"og:type\" content=\"article\" \/>\n<meta property=\"og:title\" content=\"Cynthia Carbone, Orthodontiste \u00e0 Montr\u00e9al\" \/>\n<meta property=\"og:description\" content=\"[vc_row row_height_percent=\u00a0\u00bb0&Prime; override_padding=\u00a0\u00bbyes\u00a0\u00bb h_padding=\u00a0\u00bb4&Prime; top_padding=\u00a0\u00bb4&Prime; bottom_padding=\u00a0\u00bb4&Prime; back_image=\u00a0\u00bb153&Prime; overlay_alpha=\u00a0\u00bb27&Prime; gutter_size=\u00a0\u00bb3&Prime; column_width_percent=\u00a0\u00bb100&Prime; shift_y=\u00a0\u00bb0&Prime; z_index=\u00a0\u00bb0&Prime;][vc_column column_width_percent=\u00a0\u00bb85&Prime; gutter_size=\u00a0\u00bb3&Prime; overlay_alpha=\u00a0\u00bb50&Prime; shift_x=\u00a0\u00bb0&Prime; shift_y=\u00a0\u00bb0&Prime; shift_y_down=\u00a0\u00bb0&Prime; z_index=\u00a0\u00bb0&Prime; medium_width=\u00a0\u00bb0&Prime; [&hellip;]\" \/>\n<meta property=\"og:url\" content=\"https:\/\/drcynthiacarbone.com\/fr\/\" \/>\n<meta property=\"og:site_name\" content=\"Cynthia Carbone, Orthodontiste \u00e0 Montr\u00e9al\" \/>\n<meta property=\"article:modified_time\" content=\"2020-09-20T18:55:32+00:00\" \/>\n<meta name=\"twitter:card\" content=\"summary_large_image\" \/>\n<meta name=\"twitter:label1\" content=\"Dur\u00e9e de lecture estim\u00e9e\" \/>\n\t<meta name=\"twitter:data1\" content=\"2 minutes\" \/>\n<script type=\"application\/ld+json\" class=\"yoast-schema-graph\">{\"@context\":\"https:\/\/schema.org\",\"@graph\":[{\"@type\":\"WebPage\",\"@id\":\"https:\/\/drcynthiacarbone.com\/fr\/\",\"url\":\"https:\/\/drcynthiacarbone.com\/fr\/\",\"name\":\"Cynthia Carbone, Orthodontiste \u00e0 Montr\u00e9al\",\"isPartOf\":{\"@id\":\"https:\/\/drcynthiacarbone.com\/fr\/#website\"},\"datePublished\":\"2020-06-15T14:56:11+00:00\",\"dateModified\":\"2020-09-20T18:55:32+00:00\",\"breadcrumb\":{\"@id\":\"https:\/\/drcynthiacarbone.com\/fr\/#breadcrumb\"},\"inLanguage\":\"fr-FR\",\"potentialAction\":[{\"@type\":\"ReadAction\",\"target\":[\"https:\/\/drcynthiacarbone.com\/fr\/\"]}]},{\"@type\":\"BreadcrumbList\",\"@id\":\"https:\/\/drcynthiacarbone.com\/fr\/#breadcrumb\",\"itemListElement\":[{\"@type\":\"ListItem\",\"position\":1,\"name\":\"Accueil\",\"item\":\"https:\/\/drcynthiacarbone.com\/fr\/\"},{\"@type\":\"ListItem\",\"position\":2,\"name\":\"Cynthia Carbone &#8211; FR\"}]},{\"@type\":\"WebSite\",\"@id\":\"https:\/\/drcynthiacarbone.com\/fr\/#website\",\"url\":\"https:\/\/drcynthiacarbone.com\/fr\/\",\"name\":\"Cynthia Carbone, Orthodontiste \u00e0 Montr\u00e9al\",\"description\":\"Orthodontiste \u00e0 Montr\u00e9al offrant des appareils orthodontiques, des aligneurs transparents pour les enfants, les adolescents et les adultes\",\"potentialAction\":[{\"@type\":\"SearchAction\",\"target\":{\"@type\":\"EntryPoint\",\"urlTemplate\":\"https:\/\/drcynthiacarbone.com\/fr\/?s={search_term_string}\"},\"query-input\":{\"@type\":\"PropertyValueSpecification\",\"valueRequired\":true,\"valueName\":\"search_term_string\"}}],\"inLanguage\":\"fr-FR\"}]}<\/script>\n<!-- \/ Yoast SEO plugin. -->","yoast_head_json":{"title":"Cynthia Carbone, Orthodontiste \u00e0 Montr\u00e9al","robots":{"index":"index","follow":"follow","max-snippet":"max-snippet:-1","max-image-preview":"max-image-preview:large","max-video-preview":"max-video-preview:-1"},"canonical":"https:\/\/drcynthiacarbone.com\/fr\/","og_locale":"fr_FR","og_type":"article","og_title":"Cynthia Carbone, Orthodontiste \u00e0 Montr\u00e9al","og_description":"[vc_row row_height_percent=\u00a0\u00bb0&Prime; override_padding=\u00a0\u00bbyes\u00a0\u00bb h_padding=\u00a0\u00bb4&Prime; top_padding=\u00a0\u00bb4&Prime; bottom_padding=\u00a0\u00bb4&Prime; back_image=\u00a0\u00bb153&Prime; overlay_alpha=\u00a0\u00bb27&Prime; gutter_size=\u00a0\u00bb3&Prime; column_width_percent=\u00a0\u00bb100&Prime; shift_y=\u00a0\u00bb0&Prime; z_index=\u00a0\u00bb0&Prime;][vc_column column_width_percent=\u00a0\u00bb85&Prime; gutter_size=\u00a0\u00bb3&Prime; overlay_alpha=\u00a0\u00bb50&Prime; shift_x=\u00a0\u00bb0&Prime; shift_y=\u00a0\u00bb0&Prime; shift_y_down=\u00a0\u00bb0&Prime; z_index=\u00a0\u00bb0&Prime; medium_width=\u00a0\u00bb0&Prime; [&hellip;]","og_url":"https:\/\/drcynthiacarbone.com\/fr\/","og_site_name":"Cynthia Carbone, Orthodontiste \u00e0 Montr\u00e9al","article_modified_time":"2020-09-20T18:55:32+00:00","twitter_card":"summary_large_image","twitter_misc":{"Dur\u00e9e de lecture estim\u00e9e":"2 minutes"},"schema":{"@context":"https:\/\/schema.org","@graph":[{"@type":"WebPage","@id":"https:\/\/drcynthiacarbone.com\/fr\/","url":"https:\/\/drcynthiacarbone.com\/fr\/","name":"Cynthia Carbone, Orthodontiste \u00e0 Montr\u00e9al","isPartOf":{"@id":"https:\/\/drcynthiacarbone.com\/fr\/#website"},"datePublished":"2020-06-15T14:56:11+00:00","dateModified":"2020-09-20T18:55:32+00:00","breadcrumb":{"@id":"https:\/\/drcynthiacarbone.com\/fr\/#breadcrumb"},"inLanguage":"fr-FR","potentialAction":[{"@type":"ReadAction","target":["https:\/\/drcynthiacarbone.com\/fr\/"]}]},{"@type":"BreadcrumbList","@id":"https:\/\/drcynthiacarbone.com\/fr\/#breadcrumb","itemListElement":[{"@type":"ListItem","position":1,"name":"Accueil","item":"https:\/\/drcynthiacarbone.com\/fr\/"},{"@type":"ListItem","position":2,"name":"Cynthia Carbone &#8211; FR"}]},{"@type":"WebSite","@id":"https:\/\/drcynthiacarbone.com\/fr\/#website","url":"https:\/\/drcynthiacarbone.com\/fr\/","name":"Cynthia Carbone, Orthodontiste \u00e0 Montr\u00e9al","description":"Orthodontiste \u00e0 Montr\u00e9al offrant des appareils orthodontiques, des aligneurs transparents pour les enfants, les adolescents et les adultes","potentialAction":[{"@type":"SearchAction","target":{"@type":"EntryPoint","urlTemplate":"https:\/\/drcynthiacarbone.com\/fr\/?s={search_term_string}"},"query-input":{"@type":"PropertyValueSpecification","valueRequired":true,"valueName":"search_term_string"}}],"inLanguage":"fr-FR"}]}},"jetpack_sharing_enabled":true,"_links":{"self":[{"href":"https:\/\/drcynthiacarbone.com\/fr\/wp-json\/wp\/v2\/pages\/658","targetHints":{"allow":["GET"]}}],"collection":[{"href":"https:\/\/drcynthiacarbone.com\/fr\/wp-json\/wp\/v2\/pages"}],"about":[{"href":"https:\/\/drcynthiacarbone.com\/fr\/wp-json\/wp\/v2\/types\/page"}],"author":[{"embeddable":true,"href":"https:\/\/drcynthiacarbone.com\/fr\/wp-json\/wp\/v2\/users\/2"}],"replies":[{"embeddable":true,"href":"https:\/\/drcynthiacarbone.com\/fr\/wp-json\/wp\/v2\/comments?post=658"}],"version-history":[{"count":5,"href":"https:\/\/drcynthiacarbone.com\/fr\/wp-json\/wp\/v2\/pages\/658\/revisions"}],"predecessor-version":[{"id":914,"href":"https:\/\/drcynthiacarbone.com\/fr\/wp-json\/wp\/v2\/pages\/658\/revisions\/914"}],"wp:attachment":[{"href":"https:\/\/drcynthiacarbone.com\/fr\/wp-json\/wp\/v2\/media?parent=658"}],"curies":[{"name":"wp","href":"https:\/\/api.w.org\/{rel}","templated":true}]}}