{"id":660,"date":"2020-06-15T12:36:22","date_gmt":"2020-06-15T12:36:22","guid":{"rendered":"https:\/\/drcynthiacarbone.com\/?page_id=660"},"modified":"2020-09-17T17:42:58","modified_gmt":"2020-09-17T17:42:58","slug":"docteure-cynthia-carbone","status":"publish","type":"page","link":"https:\/\/drcynthiacarbone.com\/fr\/docteure-cynthia-carbone\/","title":{"rendered":"Docteure Cynthia Carbone"},"content":{"rendered":"<div class=\"wpb-content-wrapper\"><p>[vc_row row_height_percent=\u00a0\u00bb0&Prime; override_padding=\u00a0\u00bbyes\u00a0\u00bb h_padding=\u00a0\u00bb2&Prime; top_padding=\u00a0\u00bb4&Prime; bottom_padding=\u00a0\u00bb2&Prime; overlay_alpha=\u00a0\u00bb50&Prime; gutter_size=\u00a0\u00bb3&Prime; column_width_percent=\u00a0\u00bb100&Prime; shift_y=\u00a0\u00bb0&Prime; z_index=\u00a0\u00bb0&Prime;][vc_column column_width_percent=\u00a0\u00bb100&Prime; align_horizontal=\u00a0\u00bbalign_center\u00a0\u00bb gutter_size=\u00a0\u00bb3&Prime; style=\u00a0\u00bblight\u00a0\u00bb font_family=\u00a0\u00bbfont-206439&Prime; overlay_alpha=\u00a0\u00bb50&Prime; shift_x=\u00a0\u00bb0&Prime; shift_y=\u00a0\u00bb0&Prime; shift_y_down=\u00a0\u00bb0&Prime; z_index=\u00a0\u00bb0&Prime; medium_width=\u00a0\u00bb0&Prime; mobile_width=\u00a0\u00bb0&Prime; width=\u00a0\u00bb1\/1&Prime;][vc_custom_heading heading_semantic=\u00a0\u00bbh1&Prime; text_font=\u00a0\u00bbfont-106447&Prime; text_size=\u00a0\u00bbh1&Prime; text_weight=\u00a0\u00bb400&Prime; text_color=\u00a0\u00bbaccent\u00a0\u00bb separator=\u00a0\u00bbyes\u00a0\u00bb sub_reduced=\u00a0\u00bbyes\u00a0\u00bb css_animation=\u00a0\u00bbalpha-anim\u00a0\u00bb]<span class=\"font-206439\">Notre \u00e9quipe<\/span>[\/vc_custom_heading][\/vc_column][\/vc_row][vc_row row_height_percent=\u00a0\u00bb0&Prime; override_padding=\u00a0\u00bbyes\u00a0\u00bb h_padding=\u00a0\u00bb2&Prime; top_padding=\u00a0\u00bb2&Prime; bottom_padding=\u00a0\u00bb5&Prime; back_image=\u00a0\u00bb183&Prime; overlay_color=\u00a0\u00bbcolor-xsdn\u00a0\u00bb overlay_alpha=\u00a0\u00bb73&Prime; gutter_size=\u00a0\u00bb4&Prime; column_width_percent=\u00a0\u00bb100&Prime; shift_y=\u00a0\u00bb0&Prime; z_index=\u00a0\u00bb0&Prime;][vc_column column_width_percent=\u00a0\u00bb100&Prime; gutter_size=\u00a0\u00bb3&Prime; back_color=\u00a0\u00bbcolor-lxmt\u00a0\u00bb overlay_alpha=\u00a0\u00bb50&Prime; shift_x=\u00a0\u00bb0&Prime; shift_y=\u00a0\u00bb0&Prime; shift_y_down=\u00a0\u00bb0&Prime; z_index=\u00a0\u00bb0&Prime; medium_width=\u00a0\u00bb0&Prime; mobile_width=\u00a0\u00bb0&Prime; css_animation=\u00a0\u00bbleft-t-right\u00a0\u00bb animation_delay=\u00a0\u00bb200&Prime; width=\u00a0\u00bb1\/2&Prime;][vc_single_image media=\u00a0\u00bb39&Prime; media_width_percent=\u00a0\u00bb100&Prime;][\/vc_column][vc_column column_width_percent=\u00a0\u00bb100&Prime; gutter_size=\u00a0\u00bb3&Prime; overlay_alpha=\u00a0\u00bb50&Prime; shift_x=\u00a0\u00bb0&Prime; shift_y=\u00a0\u00bb0&Prime; shift_y_down=\u00a0\u00bb0&Prime; z_index=\u00a0\u00bb0&Prime; medium_width=\u00a0\u00bb0&Prime; mobile_width=\u00a0\u00bb0&Prime; css_animation=\u00a0\u00bbalpha-anim\u00a0\u00bb animation_delay=\u00a0\u00bb400&Prime; width=\u00a0\u00bb1\/2&Prime;][vc_custom_heading text_font=\u00a0\u00bbfont-106447&Prime;]Dre Cynthia Carbone[\/vc_custom_heading][vc_column_text]Docteure Carbone a obtenu son dipl\u00f4me de doctorat en m\u00e9decine dentaire de l\u2019Universit\u00e9 McGill en 2010.\u00a0 Par la suite, elle a continu\u00e9 d\u2019approfondir ses connaissances et de peaufiner ses habilet\u00e9s en compl\u00e9tant une r\u00e9sidence multidisciplinaire d\u2019un an \u00e0 l\u2019H\u00f4pital de Montr\u00e9al pour enfants.\u00a0 Elle y a trait\u00e9 de nombreux enfants qui pr\u00e9sentaient des probl\u00e8mes n\u00e9cessitant la prise en charge de traumatismes bucco-dentaires, la r\u00e9paration de caries, ainsi que l\u2019ex\u00e9cution de traitements orthodontiques vari\u00e9s.\u00a0 Apr\u00e8s quelques ann\u00e9es de pratique en dentisterie g\u00e9n\u00e9rale au Centre Dentaire Dr Patrick Canonne, Dre Carbone a choisi de poursuivre ses \u00e9tudes en orthodontie \u00e0 l\u2019Universit\u00e9 de Montr\u00e9al.\u00a0 Elle a obtenu son dipl\u00f4me de sp\u00e9cialit\u00e9 en orthodontie ainsi que celui de ma\u00eetrise en sciences en 2016. \u00a0Elle est une orthodontiste certifi\u00e9e par l&rsquo;Ordre des dentistes du Qu\u00e9bec et le Coll\u00e8ge royal des chirurgiens dentistes du Canada.<\/p>\n<p>La mission de Dre Carbone est d\u2019administrer des soins orthodontiques de haute qualit\u00e9 dans une atmosph\u00e8re chaleureuse et invitante.\u00a0 Elle exige d\u2019elle-m\u00eame et de son \u00e9quipe un travail rigoureux, et s\u2019efforce \u00e0 surpasser les attentes de chaque patient.<\/p>\n<p>Dre Carbone est membre des associations suivantes\u00a0:<\/p>\n<ul>\n<li>Ordre des dentistes du Qu\u00e9bec<\/li>\n<li>Association des orthodontistes du Qu\u00e9bec<\/li>\n<li>F\u00e9d\u00e9ration des Dentistes Sp\u00e9cialistes du Qu\u00e9bec<\/li>\n<li>Le Coll\u00e8ge royal des chirurgiens dentistes du Canada<\/li>\n<\/ul>\n<p>[\/vc_column_text][vc_single_image media=\u00a0\u00bb328&Prime; media_width_percent=\u00a0\u00bb100&Prime;][\/vc_column][\/vc_row][vc_row row_height_percent=\u00a0\u00bb0&Prime; override_padding=\u00a0\u00bbyes\u00a0\u00bb h_padding=\u00a0\u00bb4&Prime; top_padding=\u00a0\u00bb6&Prime; bottom_padding=\u00a0\u00bb6&Prime; back_image=\u00a0\u00bb196&Prime; overlay_alpha=\u00a0\u00bb50&Prime; gutter_size=\u00a0\u00bb3&Prime; column_width_percent=\u00a0\u00bb100&Prime; shift_y=\u00a0\u00bb0&Prime; z_index=\u00a0\u00bb0&Prime;][vc_column column_width_percent=\u00a0\u00bb100&Prime; gutter_size=\u00a0\u00bb3&Prime; overlay_alpha=\u00a0\u00bb50&Prime; shift_x=\u00a0\u00bb0&Prime; shift_y=\u00a0\u00bb0&Prime; shift_y_down=\u00a0\u00bb0&Prime; z_index=\u00a0\u00bb0&Prime; medium_width=\u00a0\u00bb0&Prime; mobile_width=\u00a0\u00bb0&Prime; css_animation=\u00a0\u00bbleft-t-right\u00a0\u00bb animation_speed=\u00a0\u00bb700&Prime; width=\u00a0\u00bb1\/1&Prime;][vc_custom_heading heading_semantic=\u00a0\u00bbh1&Prime; text_font=\u00a0\u00bbfont-106447&Prime; text_size=\u00a0\u00bbh1&Prime; text_weight=\u00a0\u00bb400&Prime; text_color=\u00a0\u00bbcolor-xsdn\u00a0\u00bb separator=\u00a0\u00bbyes\u00a0\u00bb sub_lead=\u00a0\u00bbyes\u00a0\u00bb]Nouveaux patients accept\u00e9s![\/vc_custom_heading][vc_custom_heading heading_semantic=\u00a0\u00bbh3&Prime; text_size=\u00a0\u00bbh3&Prime; text_weight=\u00a0\u00bb400&Prime; text_color=\u00a0\u00bbcolor-xsdn\u00a0\u00bb]Contactez-nous d\u00e8s aujourd&rsquo;hui pour une \u00e9valuation.[\/vc_custom_heading][vc_button button_color=\u00a0\u00bbcolor-xsdn\u00a0\u00bb outline=\u00a0\u00bbyes\u00a0\u00bb border_width=\u00a0\u00bb0&Prime; link=\u00a0\u00bburl:http%3A%2F%2Fdrcynthiacarbone.com%2Ffr%2Fcontactez-nous%2F%23rendezvous|title:Make%20an%20Appointment||\u00a0\u00bb]Prendre rendez-vous[\/vc_button][\/vc_column][\/vc_row]<\/p>\n<\/div>","protected":false},"excerpt":{"rendered":"<p>[vc_row row_height_percent=\u00a0\u00bb0&Prime; override_padding=\u00a0\u00bbyes\u00a0\u00bb h_padding=\u00a0\u00bb2&Prime; top_padding=\u00a0\u00bb4&Prime; bottom_padding=\u00a0\u00bb2&Prime; overlay_alpha=\u00a0\u00bb50&Prime; gutter_size=\u00a0\u00bb3&Prime; column_width_percent=\u00a0\u00bb100&Prime; shift_y=\u00a0\u00bb0&Prime; z_index=\u00a0\u00bb0&Prime;][vc_column column_width_percent=\u00a0\u00bb100&Prime; align_horizontal=\u00a0\u00bbalign_center\u00a0\u00bb gutter_size=\u00a0\u00bb3&Prime; style=\u00a0\u00bblight\u00a0\u00bb font_family=\u00a0\u00bbfont-206439&Prime; overlay_alpha=\u00a0\u00bb50&Prime; shift_x=\u00a0\u00bb0&Prime; shift_y=\u00a0\u00bb0&Prime; shift_y_down=\u00a0\u00bb0&Prime; [&hellip;]<\/p>\n","protected":false},"author":2,"featured_media":0,"parent":0,"menu_order":0,"comment_status":"closed","ping_status":"closed","template":"","meta":{"footnotes":""},"class_list":["post-660","page","type-page","status-publish","hentry"],"yoast_head":"<!-- This site is optimized with the Yoast SEO plugin v26.6 - https:\/\/yoast.com\/wordpress\/plugins\/seo\/ -->\n<title>Docteure Cynthia Carbone - Cynthia Carbone, Orthodontiste \u00e0 Montr\u00e9al<\/title>\n<meta name=\"robots\" content=\"index, follow, max-snippet:-1, max-image-preview:large, max-video-preview:-1\" \/>\n<link rel=\"canonical\" href=\"https:\/\/drcynthiacarbone.com\/fr\/docteure-cynthia-carbone\/\" \/>\n<meta property=\"og:locale\" content=\"fr_FR\" \/>\n<meta property=\"og:type\" content=\"article\" \/>\n<meta property=\"og:title\" content=\"Docteure Cynthia Carbone - Cynthia Carbone, Orthodontiste \u00e0 Montr\u00e9al\" \/>\n<meta property=\"og:description\" content=\"[vc_row row_height_percent=\u00a0\u00bb0&Prime; override_padding=\u00a0\u00bbyes\u00a0\u00bb h_padding=\u00a0\u00bb2&Prime; top_padding=\u00a0\u00bb4&Prime; bottom_padding=\u00a0\u00bb2&Prime; overlay_alpha=\u00a0\u00bb50&Prime; gutter_size=\u00a0\u00bb3&Prime; column_width_percent=\u00a0\u00bb100&Prime; shift_y=\u00a0\u00bb0&Prime; z_index=\u00a0\u00bb0&Prime;][vc_column column_width_percent=\u00a0\u00bb100&Prime; align_horizontal=\u00a0\u00bbalign_center\u00a0\u00bb gutter_size=\u00a0\u00bb3&Prime; style=\u00a0\u00bblight\u00a0\u00bb font_family=\u00a0\u00bbfont-206439&Prime; overlay_alpha=\u00a0\u00bb50&Prime; shift_x=\u00a0\u00bb0&Prime; shift_y=\u00a0\u00bb0&Prime; shift_y_down=\u00a0\u00bb0&Prime; [&hellip;]\" \/>\n<meta property=\"og:url\" content=\"https:\/\/drcynthiacarbone.com\/fr\/docteure-cynthia-carbone\/\" \/>\n<meta property=\"og:site_name\" content=\"Cynthia Carbone, Orthodontiste \u00e0 Montr\u00e9al\" \/>\n<meta property=\"article:modified_time\" content=\"2020-09-17T17:42:58+00:00\" \/>\n<meta name=\"twitter:card\" content=\"summary_large_image\" \/>\n<meta name=\"twitter:label1\" content=\"Dur\u00e9e de lecture estim\u00e9e\" \/>\n\t<meta name=\"twitter:data1\" content=\"3 minutes\" \/>\n<script type=\"application\/ld+json\" class=\"yoast-schema-graph\">{\"@context\":\"https:\/\/schema.org\",\"@graph\":[{\"@type\":\"WebPage\",\"@id\":\"https:\/\/drcynthiacarbone.com\/fr\/docteure-cynthia-carbone\/\",\"url\":\"https:\/\/drcynthiacarbone.com\/fr\/docteure-cynthia-carbone\/\",\"name\":\"Docteure Cynthia Carbone - Cynthia Carbone, Orthodontiste \u00e0 Montr\u00e9al\",\"isPartOf\":{\"@id\":\"https:\/\/drcynthiacarbone.com\/fr\/#website\"},\"datePublished\":\"2020-06-15T12:36:22+00:00\",\"dateModified\":\"2020-09-17T17:42:58+00:00\",\"breadcrumb\":{\"@id\":\"https:\/\/drcynthiacarbone.com\/fr\/docteure-cynthia-carbone\/#breadcrumb\"},\"inLanguage\":\"fr-FR\",\"potentialAction\":[{\"@type\":\"ReadAction\",\"target\":[\"https:\/\/drcynthiacarbone.com\/fr\/docteure-cynthia-carbone\/\"]}]},{\"@type\":\"BreadcrumbList\",\"@id\":\"https:\/\/drcynthiacarbone.com\/fr\/docteure-cynthia-carbone\/#breadcrumb\",\"itemListElement\":[{\"@type\":\"ListItem\",\"position\":1,\"name\":\"Accueil\",\"item\":\"https:\/\/drcynthiacarbone.com\/fr\/\"},{\"@type\":\"ListItem\",\"position\":2,\"name\":\"Docteure Cynthia Carbone\"}]},{\"@type\":\"WebSite\",\"@id\":\"https:\/\/drcynthiacarbone.com\/fr\/#website\",\"url\":\"https:\/\/drcynthiacarbone.com\/fr\/\",\"name\":\"Cynthia Carbone, Orthodontiste \u00e0 Montr\u00e9al\",\"description\":\"Orthodontiste \u00e0 Montr\u00e9al offrant des appareils orthodontiques, des aligneurs transparents pour les enfants, les adolescents et les adultes\",\"potentialAction\":[{\"@type\":\"SearchAction\",\"target\":{\"@type\":\"EntryPoint\",\"urlTemplate\":\"https:\/\/drcynthiacarbone.com\/fr\/?s={search_term_string}\"},\"query-input\":{\"@type\":\"PropertyValueSpecification\",\"valueRequired\":true,\"valueName\":\"search_term_string\"}}],\"inLanguage\":\"fr-FR\"}]}<\/script>\n<!-- \/ Yoast SEO plugin. -->","yoast_head_json":{"title":"Docteure Cynthia Carbone - Cynthia Carbone, Orthodontiste \u00e0 Montr\u00e9al","robots":{"index":"index","follow":"follow","max-snippet":"max-snippet:-1","max-image-preview":"max-image-preview:large","max-video-preview":"max-video-preview:-1"},"canonical":"https:\/\/drcynthiacarbone.com\/fr\/docteure-cynthia-carbone\/","og_locale":"fr_FR","og_type":"article","og_title":"Docteure Cynthia Carbone - Cynthia Carbone, Orthodontiste \u00e0 Montr\u00e9al","og_description":"[vc_row row_height_percent=\u00a0\u00bb0&Prime; override_padding=\u00a0\u00bbyes\u00a0\u00bb h_padding=\u00a0\u00bb2&Prime; top_padding=\u00a0\u00bb4&Prime; bottom_padding=\u00a0\u00bb2&Prime; overlay_alpha=\u00a0\u00bb50&Prime; gutter_size=\u00a0\u00bb3&Prime; column_width_percent=\u00a0\u00bb100&Prime; shift_y=\u00a0\u00bb0&Prime; z_index=\u00a0\u00bb0&Prime;][vc_column column_width_percent=\u00a0\u00bb100&Prime; align_horizontal=\u00a0\u00bbalign_center\u00a0\u00bb gutter_size=\u00a0\u00bb3&Prime; style=\u00a0\u00bblight\u00a0\u00bb font_family=\u00a0\u00bbfont-206439&Prime; overlay_alpha=\u00a0\u00bb50&Prime; shift_x=\u00a0\u00bb0&Prime; shift_y=\u00a0\u00bb0&Prime; shift_y_down=\u00a0\u00bb0&Prime; [&hellip;]","og_url":"https:\/\/drcynthiacarbone.com\/fr\/docteure-cynthia-carbone\/","og_site_name":"Cynthia Carbone, Orthodontiste \u00e0 Montr\u00e9al","article_modified_time":"2020-09-17T17:42:58+00:00","twitter_card":"summary_large_image","twitter_misc":{"Dur\u00e9e de lecture estim\u00e9e":"3 minutes"},"schema":{"@context":"https:\/\/schema.org","@graph":[{"@type":"WebPage","@id":"https:\/\/drcynthiacarbone.com\/fr\/docteure-cynthia-carbone\/","url":"https:\/\/drcynthiacarbone.com\/fr\/docteure-cynthia-carbone\/","name":"Docteure Cynthia Carbone - Cynthia Carbone, Orthodontiste \u00e0 Montr\u00e9al","isPartOf":{"@id":"https:\/\/drcynthiacarbone.com\/fr\/#website"},"datePublished":"2020-06-15T12:36:22+00:00","dateModified":"2020-09-17T17:42:58+00:00","breadcrumb":{"@id":"https:\/\/drcynthiacarbone.com\/fr\/docteure-cynthia-carbone\/#breadcrumb"},"inLanguage":"fr-FR","potentialAction":[{"@type":"ReadAction","target":["https:\/\/drcynthiacarbone.com\/fr\/docteure-cynthia-carbone\/"]}]},{"@type":"BreadcrumbList","@id":"https:\/\/drcynthiacarbone.com\/fr\/docteure-cynthia-carbone\/#breadcrumb","itemListElement":[{"@type":"ListItem","position":1,"name":"Accueil","item":"https:\/\/drcynthiacarbone.com\/fr\/"},{"@type":"ListItem","position":2,"name":"Docteure Cynthia Carbone"}]},{"@type":"WebSite","@id":"https:\/\/drcynthiacarbone.com\/fr\/#website","url":"https:\/\/drcynthiacarbone.com\/fr\/","name":"Cynthia Carbone, Orthodontiste \u00e0 Montr\u00e9al","description":"Orthodontiste \u00e0 Montr\u00e9al offrant des appareils orthodontiques, des aligneurs transparents pour les enfants, les adolescents et les adultes","potentialAction":[{"@type":"SearchAction","target":{"@type":"EntryPoint","urlTemplate":"https:\/\/drcynthiacarbone.com\/fr\/?s={search_term_string}"},"query-input":{"@type":"PropertyValueSpecification","valueRequired":true,"valueName":"search_term_string"}}],"inLanguage":"fr-FR"}]}},"jetpack_sharing_enabled":true,"_links":{"self":[{"href":"https:\/\/drcynthiacarbone.com\/fr\/wp-json\/wp\/v2\/pages\/660","targetHints":{"allow":["GET"]}}],"collection":[{"href":"https:\/\/drcynthiacarbone.com\/fr\/wp-json\/wp\/v2\/pages"}],"about":[{"href":"https:\/\/drcynthiacarbone.com\/fr\/wp-json\/wp\/v2\/types\/page"}],"author":[{"embeddable":true,"href":"https:\/\/drcynthiacarbone.com\/fr\/wp-json\/wp\/v2\/users\/2"}],"replies":[{"embeddable":true,"href":"https:\/\/drcynthiacarbone.com\/fr\/wp-json\/wp\/v2\/comments?post=660"}],"version-history":[{"count":5,"href":"https:\/\/drcynthiacarbone.com\/fr\/wp-json\/wp\/v2\/pages\/660\/revisions"}],"predecessor-version":[{"id":917,"href":"https:\/\/drcynthiacarbone.com\/fr\/wp-json\/wp\/v2\/pages\/660\/revisions\/917"}],"wp:attachment":[{"href":"https:\/\/drcynthiacarbone.com\/fr\/wp-json\/wp\/v2\/media?parent=660"}],"curies":[{"name":"wp","href":"https:\/\/api.w.org\/{rel}","templated":true}]}}