{"id":663,"date":"2020-06-15T12:40:30","date_gmt":"2020-06-15T12:40:30","guid":{"rendered":"https:\/\/drcynthiacarbone.com\/?page_id=663"},"modified":"2020-09-17T17:45:17","modified_gmt":"2020-09-17T17:45:17","slug":"les-services","status":"publish","type":"page","link":"https:\/\/drcynthiacarbone.com\/fr\/les-services\/","title":{"rendered":"Services"},"content":{"rendered":"<div class=\"wpb-content-wrapper\"><p>[vc_row row_height_percent=\u00a0\u00bb0&Prime; override_padding=\u00a0\u00bbyes\u00a0\u00bb h_padding=\u00a0\u00bb7&Prime; top_padding=\u00a0\u00bb5&Prime; bottom_padding=\u00a0\u00bb2&Prime; overlay_alpha=\u00a0\u00bb50&Prime; gutter_size=\u00a0\u00bb3&Prime; column_width_percent=\u00a0\u00bb100&Prime; shift_y=\u00a0\u00bb0&Prime; z_index=\u00a0\u00bb0&Prime;][vc_column column_width_percent=\u00a0\u00bb100&Prime; align_horizontal=\u00a0\u00bbalign_center\u00a0\u00bb gutter_size=\u00a0\u00bb3&Prime; style=\u00a0\u00bblight\u00a0\u00bb font_family=\u00a0\u00bbfont-206439&Prime; overlay_alpha=\u00a0\u00bb50&Prime; shift_x=\u00a0\u00bb0&Prime; shift_y=\u00a0\u00bb0&Prime; shift_y_down=\u00a0\u00bb0&Prime; z_index=\u00a0\u00bb0&Prime; medium_width=\u00a0\u00bb0&Prime; mobile_width=\u00a0\u00bb0&Prime; width=\u00a0\u00bb1\/1&Prime;][vc_custom_heading heading_semantic=\u00a0\u00bbh1&Prime; text_font=\u00a0\u00bbfont-106447&Prime; text_size=\u00a0\u00bbh1&Prime; text_weight=\u00a0\u00bb400&Prime; text_color=\u00a0\u00bbaccent\u00a0\u00bb separator=\u00a0\u00bbyes\u00a0\u00bb css_animation=\u00a0\u00bbalpha-anim\u00a0\u00bb]<span class=\"font-206439\">Nos services<\/span>[\/vc_custom_heading][\/vc_column][\/vc_row][vc_row row_height_percent=\u00a0\u00bb0&Prime; override_padding=\u00a0\u00bbyes\u00a0\u00bb h_padding=\u00a0\u00bb2&Prime; top_padding=\u00a0\u00bb5&Prime; bottom_padding=\u00a0\u00bb4&Prime; back_image=\u00a0\u00bb183&Prime; back_position=\u00a0\u00bbcenter top\u00a0\u00bb parallax=\u00a0\u00bbyes\u00a0\u00bb overlay_color=\u00a0\u00bbcolor-xsdn\u00a0\u00bb overlay_alpha=\u00a0\u00bb65&Prime; gutter_size=\u00a0\u00bb4&Prime; column_width_percent=\u00a0\u00bb100&Prime; shift_y=\u00a0\u00bb0&Prime; z_index=\u00a0\u00bb0&Prime;][vc_column column_width_percent=\u00a0\u00bb100&Prime; align_horizontal=\u00a0\u00bbalign_right\u00a0\u00bb gutter_size=\u00a0\u00bb3&Prime; overlay_alpha=\u00a0\u00bb50&Prime; shift_x=\u00a0\u00bb0&Prime; shift_y=\u00a0\u00bb0&Prime; shift_y_down=\u00a0\u00bb0&Prime; z_index=\u00a0\u00bb0&Prime; medium_width=\u00a0\u00bb0&Prime; mobile_width=\u00a0\u00bb0&Prime; css_animation=\u00a0\u00bbleft-t-right\u00a0\u00bb width=\u00a0\u00bb1\/2&Prime;][vc_single_image media=\u00a0\u00bb21&Prime; media_width_percent=\u00a0\u00bb100&Prime; alignment=\u00a0\u00bbright\u00a0\u00bb][\/vc_column][vc_column column_width_percent=\u00a0\u00bb88&Prime; position_vertical=\u00a0\u00bbmiddle\u00a0\u00bb gutter_size=\u00a0\u00bb3&Prime; overlay_alpha=\u00a0\u00bb50&Prime; shift_x=\u00a0\u00bb0&Prime; shift_y=\u00a0\u00bb0&Prime; shift_y_down=\u00a0\u00bb0&Prime; z_index=\u00a0\u00bb0&Prime; medium_width=\u00a0\u00bb0&Prime; mobile_width=\u00a0\u00bb0&Prime; css_animation=\u00a0\u00bbalpha-anim\u00a0\u00bb animation_delay=\u00a0\u00bb200&Prime; width=\u00a0\u00bb1\/2&Prime; el_id=\u00a0\u00bbenfants\u00a0\u00bb][vc_custom_heading text_weight=\u00a0\u00bb400&Prime; text_color=\u00a0\u00bbaccent\u00a0\u00bb separator=\u00a0\u00bbyes\u00a0\u00bb separator_color=\u00a0\u00bbyes\u00a0\u00bb sub_reduced=\u00a0\u00bbyes\u00a0\u00bb subheading=\u00a0\u00bbPlusieurs probl\u00e8mes orthodontiques sont mieux trait\u00e9s durant la p\u00e9riode de l\u2019enfance. Dans la plupart des cas, il est recommand\u00e9 de consulter un orthodontiste apr\u00e8s l\u2019\u00e9ruption des premi\u00e8res molaires permanentes, entre 6 et 8 ans. L\u2019objectif de cette consultation initiale n\u2019est pas de planifier un traitement orthodontique complet mais plut\u00f4t d\u2019intercepter tout probl\u00e8me d\u2019\u00e9ruption dentaire ou de croissance osseuse des m\u00e2choires qui pourrait affecter le d\u00e9veloppement de votre enfant.<\/p>\n<p>Les traitements orthodontiques ne sont pas n\u00e9cessaires pour tous les enfants, mais un d\u00e9pistage appropri\u00e9 permet d\u2019\u00e9viter certains probl\u00e8mes et de faciliter le traitement futur. C\u2019est pr\u00e9cis\u00e9ment pour cette raison que l\u2019AAO (American Association of Orthodontists) recommande une premi\u00e8re consultation orthodontique vers l\u2019\u00e2ge de 7 ans.<\/p>\n<p>Au moment de la consultation orthodontique, plusieurs facteurs concernant la dentition de votre enfant seront \u00e9valu\u00e9s. En voici quelques exemples:<\/p>\n<p><b>Profil de croissance:<\/b> Y a-t-il une asym\u00e9trie squelettique ou un d\u00e9s\u00e9quilibre de croissance entre les m\u00e2choires du haut et du bas?<br \/>\n<b>\u00c9ruption dentaire:<\/b> Y a-t-il un manque d\u2019espace pour les dents d\u2019adulte ou certaines dents qui risquent d\u2019\u00e9rupter en mauvaise position?<br \/>\n<b>Habitudes:<\/b> Y a-t-il certaines habitudes orales qui pourraient nuire \u00e0 un d\u00e9veloppement optimal de la dentition?<br \/>\nEtc.<\/p>\n<p><b>Ces probl\u00e8mes doivent \u00eatre d\u00e9pist\u00e9s et trait\u00e9s t\u00f4t pour \u00e9viter des complications futures.<\/b>\u00ab\u00a0]L\u2019orthodontie pour enfants[\/vc_custom_heading][\/vc_column][\/vc_row][vc_row row_height_percent=\u00a0\u00bb0&Prime; override_padding=\u00a0\u00bbyes\u00a0\u00bb h_padding=\u00a0\u00bb2&Prime; top_padding=\u00a0\u00bb3&Prime; bottom_padding=\u00a0\u00bb4&Prime; back_image=\u00a0\u00bb183&Prime; parallax=\u00a0\u00bbyes\u00a0\u00bb overlay_color=\u00a0\u00bbcolor-xsdn\u00a0\u00bb overlay_alpha=\u00a0\u00bb68&Prime; gutter_size=\u00a0\u00bb4&Prime; column_width_percent=\u00a0\u00bb100&Prime; shift_y=\u00a0\u00bb0&Prime; z_index=\u00a0\u00bb0&Prime;][vc_column column_width_percent=\u00a0\u00bb100&Prime; position_vertical=\u00a0\u00bbmiddle\u00a0\u00bb align_horizontal=\u00a0\u00bbalign_right\u00a0\u00bb gutter_size=\u00a0\u00bb3&Prime; overlay_alpha=\u00a0\u00bb50&Prime; shift_x=\u00a0\u00bb0&Prime; shift_y=\u00a0\u00bb0&Prime; shift_y_down=\u00a0\u00bb0&Prime; z_index=\u00a0\u00bb0&Prime; medium_width=\u00a0\u00bb0&Prime; mobile_width=\u00a0\u00bb0&Prime; css_animation=\u00a0\u00bbleft-t-right\u00a0\u00bb width=\u00a0\u00bb1\/2&Prime;][vc_single_image media=\u00a0\u00bb19&Prime; media_width_percent=\u00a0\u00bb100&Prime; alignment=\u00a0\u00bbright\u00a0\u00bb][\/vc_column][vc_column column_width_percent=\u00a0\u00bb88&Prime; position_vertical=\u00a0\u00bbmiddle\u00a0\u00bb gutter_size=\u00a0\u00bb3&Prime; overlay_alpha=\u00a0\u00bb50&Prime; shift_x=\u00a0\u00bb0&Prime; shift_y=\u00a0\u00bb0&Prime; shift_y_down=\u00a0\u00bb0&Prime; z_index=\u00a0\u00bb0&Prime; medium_width=\u00a0\u00bb0&Prime; mobile_width=\u00a0\u00bb0&Prime; css_animation=\u00a0\u00bbalpha-anim\u00a0\u00bb animation_delay=\u00a0\u00bb200&Prime; width=\u00a0\u00bb1\/2&Prime; el_id=\u00a0\u00bbadolescents\u00a0\u00bb][vc_custom_heading heading_semantic=\u00a0\u00bbh1&Prime; text_size=\u00a0\u00bbh1&Prime; text_weight=\u00a0\u00bb400&Prime; text_color=\u00a0\u00bbaccent\u00a0\u00bb separator=\u00a0\u00bbyes\u00a0\u00bb separator_color=\u00a0\u00bbyes\u00a0\u00bb sub_reduced=\u00a0\u00bbyes\u00a0\u00bb subheading=\u00a0\u00bbLa majorit\u00e9 des traitements orthodontiques sont compl\u00e9t\u00e9s durant la p\u00e9riode de l\u2019adolescence, entre 11 et 16 ans.<\/p>\n<p>Pour la plupart des patients, l\u2019adolescence est le moment id\u00e9al pour entreprendre un tel traitement puisque les dents permanentes sont presque toutes \u00e9rupt\u00e9es et la croissance squelettique peut encore \u00eatre modifi\u00e9e. Un orthodontiste pourra ainsi profiter des changements oraux qui surviennent durant la pubert\u00e9 pour aider \u00e0 corriger la malocclusion de votre adolescent. Lorsque la p\u00e9riode de croissance est termin\u00e9e et ne peut plus faciliter la correction d\u2019une malocclusion, le risque de devoir avoir recours \u00e0 des extractions dentaires ou \u00e0 l\u2019expertise d\u2019un chirurgien maxillo-facial est accru. De plus, les traitements orthodontiques ont tendance \u00e0 progresser plus rapidement et \u00e0 \u00eatre plus simples lorsqu\u2019ils sont compl\u00e9t\u00e9s pendant l\u2019adolescence.\u00a0\u00bb]<\/p>\n<h2 class=\"p1\">L\u2019orthodontie pour adolescents<\/h2>\n<p>[\/vc_custom_heading][\/vc_column][\/vc_row][vc_row row_height_percent=\u00a0\u00bb0&Prime; override_padding=\u00a0\u00bbyes\u00a0\u00bb h_padding=\u00a0\u00bb2&Prime; top_padding=\u00a0\u00bb3&Prime; bottom_padding=\u00a0\u00bb4&Prime; back_image=\u00a0\u00bb183&Prime; back_position=\u00a0\u00bbcenter top\u00a0\u00bb parallax=\u00a0\u00bbyes\u00a0\u00bb overlay_color=\u00a0\u00bbcolor-xsdn\u00a0\u00bb overlay_alpha=\u00a0\u00bb37&Prime; gutter_size=\u00a0\u00bb4&Prime; column_width_percent=\u00a0\u00bb100&Prime; shift_y=\u00a0\u00bb0&Prime; z_index=\u00a0\u00bb0&Prime;][vc_column column_width_percent=\u00a0\u00bb100&Prime; position_vertical=\u00a0\u00bbmiddle\u00a0\u00bb align_horizontal=\u00a0\u00bbalign_right\u00a0\u00bb gutter_size=\u00a0\u00bb3&Prime; overlay_alpha=\u00a0\u00bb50&Prime; shift_x=\u00a0\u00bb0&Prime; shift_y=\u00a0\u00bb0&Prime; shift_y_down=\u00a0\u00bb0&Prime; z_index=\u00a0\u00bb0&Prime; medium_width=\u00a0\u00bb0&Prime; mobile_width=\u00a0\u00bb0&Prime; css_animation=\u00a0\u00bbleft-t-right\u00a0\u00bb width=\u00a0\u00bb1\/2&Prime;][vc_single_image media=\u00a0\u00bb20&Prime; media_width_percent=\u00a0\u00bb100&Prime; alignment=\u00a0\u00bbright\u00a0\u00bb][\/vc_column][vc_column column_width_percent=\u00a0\u00bb88&Prime; position_vertical=\u00a0\u00bbmiddle\u00a0\u00bb gutter_size=\u00a0\u00bb3&Prime; overlay_alpha=\u00a0\u00bb50&Prime; shift_x=\u00a0\u00bb0&Prime; shift_y=\u00a0\u00bb0&Prime; shift_y_down=\u00a0\u00bb0&Prime; z_index=\u00a0\u00bb0&Prime; medium_width=\u00a0\u00bb0&Prime; mobile_width=\u00a0\u00bb0&Prime; css_animation=\u00a0\u00bbalpha-anim\u00a0\u00bb animation_delay=\u00a0\u00bb200&Prime; width=\u00a0\u00bb1\/2&Prime; el_id=\u00a0\u00bbadultes\u00a0\u00bb][vc_custom_heading text_weight=\u00a0\u00bb400&Prime; text_color=\u00a0\u00bbaccent\u00a0\u00bb separator=\u00a0\u00bbyes\u00a0\u00bb separator_color=\u00a0\u00bbyes\u00a0\u00bb sub_reduced=\u00a0\u00bbyes\u00a0\u00bb subheading=\u00a0\u00bbDe plus en plus de patients d\u00e9cident maintenant de d\u00e9buter un traitement d\u2019orthodontie \u00e0 l\u2019\u00e2ge adulte. La raison la plus fr\u00e9quente est l\u2019am\u00e9lioration de l\u2019esth\u00e9tique du sourire, celui-ci \u00e9tant directement li\u00e9 \u00e0 l\u2019apparence g\u00e9n\u00e9rale et \u00e0 l\u2019estime de soi.<\/p>\n<p>De plus, un alignement optimal des dents permet une meilleure fonction masticatoire et facilite l\u2019hygi\u00e8ne dentaire, ce qui aide \u00e0 maintenir l\u2019int\u00e9grit\u00e9 de la dentition et des structures buccales qui l\u2019entourent. Plusieurs adultes qui pr\u00e9sentent des probl\u00e8mes de mastication ou d\u2019usure dentaire pr\u00e9matur\u00e9e pourraient b\u00e9n\u00e9ficier grandement d\u2019un traitement orthodontique combin\u00e9 ou non \u00e0 des traitements de reconstruction.\u00a0\u00bb]L\u2019orthodontie pour adultes[\/vc_custom_heading][\/vc_column][\/vc_row][vc_row row_height_percent=\u00a0\u00bb0&Prime; override_padding=\u00a0\u00bbyes\u00a0\u00bb h_padding=\u00a0\u00bb4&Prime; top_padding=\u00a0\u00bb6&Prime; bottom_padding=\u00a0\u00bb6&Prime; back_image=\u00a0\u00bb196&Prime; overlay_alpha=\u00a0\u00bb50&Prime; gutter_size=\u00a0\u00bb3&Prime; column_width_percent=\u00a0\u00bb100&Prime; shift_y=\u00a0\u00bb0&Prime; z_index=\u00a0\u00bb0&Prime;][vc_column column_width_percent=\u00a0\u00bb100&Prime; gutter_size=\u00a0\u00bb3&Prime; overlay_alpha=\u00a0\u00bb50&Prime; shift_x=\u00a0\u00bb0&Prime; shift_y=\u00a0\u00bb0&Prime; shift_y_down=\u00a0\u00bb0&Prime; z_index=\u00a0\u00bb0&Prime; medium_width=\u00a0\u00bb0&Prime; mobile_width=\u00a0\u00bb0&Prime; css_animation=\u00a0\u00bbleft-t-right\u00a0\u00bb animation_speed=\u00a0\u00bb700&Prime; width=\u00a0\u00bb1\/1&Prime;][vc_custom_heading heading_semantic=\u00a0\u00bbh1&Prime; text_font=\u00a0\u00bbfont-106447&Prime; text_size=\u00a0\u00bbh1&Prime; text_weight=\u00a0\u00bb400&Prime; text_color=\u00a0\u00bbcolor-xsdn\u00a0\u00bb separator=\u00a0\u00bbyes\u00a0\u00bb sub_lead=\u00a0\u00bbyes\u00a0\u00bb]Nouveaux patients accept\u00e9s![\/vc_custom_heading][vc_custom_heading heading_semantic=\u00a0\u00bbh3&Prime; text_size=\u00a0\u00bbh3&Prime; text_weight=\u00a0\u00bb400&Prime; text_color=\u00a0\u00bbcolor-xsdn\u00a0\u00bb]Contactez-nous d\u00e8s aujourd&rsquo;hui pour une \u00e9valuation.[\/vc_custom_heading][vc_button button_color=\u00a0\u00bbcolor-xsdn\u00a0\u00bb outline=\u00a0\u00bbyes\u00a0\u00bb border_width=\u00a0\u00bb0&Prime; link=\u00a0\u00bburl:http%3A%2F%2Fdrcynthiacarbone.com%2Ffr%2Fcontactez-nous%2F%23rendezvous|title:Make%20an%20Appointment||\u00a0\u00bb]Prendre rendez-vous[\/vc_button][\/vc_column][\/vc_row]<\/p>\n<\/div>","protected":false},"excerpt":{"rendered":"<p>[vc_row row_height_percent=\u00a0\u00bb0&Prime; override_padding=\u00a0\u00bbyes\u00a0\u00bb h_padding=\u00a0\u00bb7&Prime; top_padding=\u00a0\u00bb5&Prime; bottom_padding=\u00a0\u00bb2&Prime; overlay_alpha=\u00a0\u00bb50&Prime; gutter_size=\u00a0\u00bb3&Prime; column_width_percent=\u00a0\u00bb100&Prime; shift_y=\u00a0\u00bb0&Prime; z_index=\u00a0\u00bb0&Prime;][vc_column column_width_percent=\u00a0\u00bb100&Prime; align_horizontal=\u00a0\u00bbalign_center\u00a0\u00bb gutter_size=\u00a0\u00bb3&Prime; style=\u00a0\u00bblight\u00a0\u00bb font_family=\u00a0\u00bbfont-206439&Prime; overlay_alpha=\u00a0\u00bb50&Prime; shift_x=\u00a0\u00bb0&Prime; shift_y=\u00a0\u00bb0&Prime; shift_y_down=\u00a0\u00bb0&Prime; [&hellip;]<\/p>\n","protected":false},"author":2,"featured_media":0,"parent":0,"menu_order":0,"comment_status":"closed","ping_status":"closed","template":"","meta":{"footnotes":""},"class_list":["post-663","page","type-page","status-publish","hentry"],"yoast_head":"<!-- This site is optimized with the Yoast SEO plugin v26.6 - https:\/\/yoast.com\/wordpress\/plugins\/seo\/ -->\n<title>Services - Cynthia Carbone, Orthodontiste \u00e0 Montr\u00e9al<\/title>\n<meta name=\"robots\" content=\"index, follow, max-snippet:-1, max-image-preview:large, max-video-preview:-1\" \/>\n<link rel=\"canonical\" href=\"https:\/\/drcynthiacarbone.com\/fr\/les-services\/\" \/>\n<meta property=\"og:locale\" content=\"fr_FR\" \/>\n<meta property=\"og:type\" content=\"article\" \/>\n<meta property=\"og:title\" content=\"Services - Cynthia Carbone, Orthodontiste \u00e0 Montr\u00e9al\" \/>\n<meta property=\"og:description\" content=\"[vc_row row_height_percent=\u00a0\u00bb0&Prime; override_padding=\u00a0\u00bbyes\u00a0\u00bb h_padding=\u00a0\u00bb7&Prime; top_padding=\u00a0\u00bb5&Prime; bottom_padding=\u00a0\u00bb2&Prime; overlay_alpha=\u00a0\u00bb50&Prime; gutter_size=\u00a0\u00bb3&Prime; column_width_percent=\u00a0\u00bb100&Prime; shift_y=\u00a0\u00bb0&Prime; z_index=\u00a0\u00bb0&Prime;][vc_column column_width_percent=\u00a0\u00bb100&Prime; align_horizontal=\u00a0\u00bbalign_center\u00a0\u00bb gutter_size=\u00a0\u00bb3&Prime; style=\u00a0\u00bblight\u00a0\u00bb font_family=\u00a0\u00bbfont-206439&Prime; overlay_alpha=\u00a0\u00bb50&Prime; shift_x=\u00a0\u00bb0&Prime; shift_y=\u00a0\u00bb0&Prime; shift_y_down=\u00a0\u00bb0&Prime; [&hellip;]\" \/>\n<meta property=\"og:url\" content=\"https:\/\/drcynthiacarbone.com\/fr\/les-services\/\" \/>\n<meta property=\"og:site_name\" content=\"Cynthia Carbone, Orthodontiste \u00e0 Montr\u00e9al\" \/>\n<meta property=\"article:modified_time\" content=\"2020-09-17T17:45:17+00:00\" \/>\n<meta name=\"twitter:card\" content=\"summary_large_image\" \/>\n<meta name=\"twitter:label1\" content=\"Dur\u00e9e de lecture estim\u00e9e\" \/>\n\t<meta name=\"twitter:data1\" content=\"6 minutes\" \/>\n<script type=\"application\/ld+json\" class=\"yoast-schema-graph\">{\"@context\":\"https:\/\/schema.org\",\"@graph\":[{\"@type\":\"WebPage\",\"@id\":\"https:\/\/drcynthiacarbone.com\/fr\/les-services\/\",\"url\":\"https:\/\/drcynthiacarbone.com\/fr\/les-services\/\",\"name\":\"Services - Cynthia Carbone, Orthodontiste \u00e0 Montr\u00e9al\",\"isPartOf\":{\"@id\":\"https:\/\/drcynthiacarbone.com\/fr\/#website\"},\"datePublished\":\"2020-06-15T12:40:30+00:00\",\"dateModified\":\"2020-09-17T17:45:17+00:00\",\"breadcrumb\":{\"@id\":\"https:\/\/drcynthiacarbone.com\/fr\/les-services\/#breadcrumb\"},\"inLanguage\":\"fr-FR\",\"potentialAction\":[{\"@type\":\"ReadAction\",\"target\":[\"https:\/\/drcynthiacarbone.com\/fr\/les-services\/\"]}]},{\"@type\":\"BreadcrumbList\",\"@id\":\"https:\/\/drcynthiacarbone.com\/fr\/les-services\/#breadcrumb\",\"itemListElement\":[{\"@type\":\"ListItem\",\"position\":1,\"name\":\"Accueil\",\"item\":\"https:\/\/drcynthiacarbone.com\/fr\/\"},{\"@type\":\"ListItem\",\"position\":2,\"name\":\"Services\"}]},{\"@type\":\"WebSite\",\"@id\":\"https:\/\/drcynthiacarbone.com\/fr\/#website\",\"url\":\"https:\/\/drcynthiacarbone.com\/fr\/\",\"name\":\"Cynthia Carbone, Orthodontiste \u00e0 Montr\u00e9al\",\"description\":\"Orthodontiste \u00e0 Montr\u00e9al offrant des appareils orthodontiques, des aligneurs transparents pour les enfants, les adolescents et les adultes\",\"potentialAction\":[{\"@type\":\"SearchAction\",\"target\":{\"@type\":\"EntryPoint\",\"urlTemplate\":\"https:\/\/drcynthiacarbone.com\/fr\/?s={search_term_string}\"},\"query-input\":{\"@type\":\"PropertyValueSpecification\",\"valueRequired\":true,\"valueName\":\"search_term_string\"}}],\"inLanguage\":\"fr-FR\"}]}<\/script>\n<!-- \/ Yoast SEO plugin. -->","yoast_head_json":{"title":"Services - Cynthia Carbone, Orthodontiste \u00e0 Montr\u00e9al","robots":{"index":"index","follow":"follow","max-snippet":"max-snippet:-1","max-image-preview":"max-image-preview:large","max-video-preview":"max-video-preview:-1"},"canonical":"https:\/\/drcynthiacarbone.com\/fr\/les-services\/","og_locale":"fr_FR","og_type":"article","og_title":"Services - Cynthia Carbone, Orthodontiste \u00e0 Montr\u00e9al","og_description":"[vc_row row_height_percent=\u00a0\u00bb0&Prime; override_padding=\u00a0\u00bbyes\u00a0\u00bb h_padding=\u00a0\u00bb7&Prime; top_padding=\u00a0\u00bb5&Prime; bottom_padding=\u00a0\u00bb2&Prime; overlay_alpha=\u00a0\u00bb50&Prime; gutter_size=\u00a0\u00bb3&Prime; column_width_percent=\u00a0\u00bb100&Prime; shift_y=\u00a0\u00bb0&Prime; z_index=\u00a0\u00bb0&Prime;][vc_column column_width_percent=\u00a0\u00bb100&Prime; align_horizontal=\u00a0\u00bbalign_center\u00a0\u00bb gutter_size=\u00a0\u00bb3&Prime; style=\u00a0\u00bblight\u00a0\u00bb font_family=\u00a0\u00bbfont-206439&Prime; overlay_alpha=\u00a0\u00bb50&Prime; shift_x=\u00a0\u00bb0&Prime; shift_y=\u00a0\u00bb0&Prime; shift_y_down=\u00a0\u00bb0&Prime; [&hellip;]","og_url":"https:\/\/drcynthiacarbone.com\/fr\/les-services\/","og_site_name":"Cynthia Carbone, Orthodontiste \u00e0 Montr\u00e9al","article_modified_time":"2020-09-17T17:45:17+00:00","twitter_card":"summary_large_image","twitter_misc":{"Dur\u00e9e de lecture estim\u00e9e":"6 minutes"},"schema":{"@context":"https:\/\/schema.org","@graph":[{"@type":"WebPage","@id":"https:\/\/drcynthiacarbone.com\/fr\/les-services\/","url":"https:\/\/drcynthiacarbone.com\/fr\/les-services\/","name":"Services - Cynthia Carbone, Orthodontiste \u00e0 Montr\u00e9al","isPartOf":{"@id":"https:\/\/drcynthiacarbone.com\/fr\/#website"},"datePublished":"2020-06-15T12:40:30+00:00","dateModified":"2020-09-17T17:45:17+00:00","breadcrumb":{"@id":"https:\/\/drcynthiacarbone.com\/fr\/les-services\/#breadcrumb"},"inLanguage":"fr-FR","potentialAction":[{"@type":"ReadAction","target":["https:\/\/drcynthiacarbone.com\/fr\/les-services\/"]}]},{"@type":"BreadcrumbList","@id":"https:\/\/drcynthiacarbone.com\/fr\/les-services\/#breadcrumb","itemListElement":[{"@type":"ListItem","position":1,"name":"Accueil","item":"https:\/\/drcynthiacarbone.com\/fr\/"},{"@type":"ListItem","position":2,"name":"Services"}]},{"@type":"WebSite","@id":"https:\/\/drcynthiacarbone.com\/fr\/#website","url":"https:\/\/drcynthiacarbone.com\/fr\/","name":"Cynthia Carbone, Orthodontiste \u00e0 Montr\u00e9al","description":"Orthodontiste \u00e0 Montr\u00e9al offrant des appareils orthodontiques, des aligneurs transparents pour les enfants, les adolescents et les adultes","potentialAction":[{"@type":"SearchAction","target":{"@type":"EntryPoint","urlTemplate":"https:\/\/drcynthiacarbone.com\/fr\/?s={search_term_string}"},"query-input":{"@type":"PropertyValueSpecification","valueRequired":true,"valueName":"search_term_string"}}],"inLanguage":"fr-FR"}]}},"jetpack_sharing_enabled":true,"_links":{"self":[{"href":"https:\/\/drcynthiacarbone.com\/fr\/wp-json\/wp\/v2\/pages\/663","targetHints":{"allow":["GET"]}}],"collection":[{"href":"https:\/\/drcynthiacarbone.com\/fr\/wp-json\/wp\/v2\/pages"}],"about":[{"href":"https:\/\/drcynthiacarbone.com\/fr\/wp-json\/wp\/v2\/types\/page"}],"author":[{"embeddable":true,"href":"https:\/\/drcynthiacarbone.com\/fr\/wp-json\/wp\/v2\/users\/2"}],"replies":[{"embeddable":true,"href":"https:\/\/drcynthiacarbone.com\/fr\/wp-json\/wp\/v2\/comments?post=663"}],"version-history":[{"count":5,"href":"https:\/\/drcynthiacarbone.com\/fr\/wp-json\/wp\/v2\/pages\/663\/revisions"}],"predecessor-version":[{"id":919,"href":"https:\/\/drcynthiacarbone.com\/fr\/wp-json\/wp\/v2\/pages\/663\/revisions\/919"}],"wp:attachment":[{"href":"https:\/\/drcynthiacarbone.com\/fr\/wp-json\/wp\/v2\/media?parent=663"}],"curies":[{"name":"wp","href":"https:\/\/api.w.org\/{rel}","templated":true}]}}